{"id":83,"date":"2025-12-21T19:42:51","date_gmt":"2025-12-21T19:42:51","guid":{"rendered":"https:\/\/mimarquitecturaibiza.es\/?page_id=83"},"modified":"2025-12-21T20:02:45","modified_gmt":"2025-12-21T20:02:45","slug":"proceso","status":"publish","type":"page","link":"https:\/\/mimarquitecturaibiza.es\/?page_id=83","title":{"rendered":"Proceso"},"content":{"rendered":"\n<h1 class=\"wp-block-heading\">Proceso de trabajo<\/h1>\n\n\n\n<p>El procedimiento para la obtenci\u00f3n o renovaci\u00f3n de la c\u00e9dula de habitabilidad se desarrolla de forma ordenada y conforme a la normativa vigente, tras un an\u00e1lisis t\u00e9cnico previo del inmueble.<\/p>\n\n\n\n<ul class=\"wp-block-list\">\n<li>An\u00e1lisis inicial del caso y revisi\u00f3n de la documentaci\u00f3n disponible.<\/li>\n\n\n\n<li>Visita t\u00e9cnica a la vivienda y comprobaci\u00f3n de las condiciones de habitabilidad.<\/li>\n\n\n\n<li>Redacci\u00f3n del certificado t\u00e9cnico y preparaci\u00f3n del expediente.<\/li>\n\n\n\n<li>Tramitaci\u00f3n administrativa y seguimiento hasta su resoluci\u00f3n.<\/li>\n<\/ul>\n\n\n\n<div class=\"wp-block-buttons is-layout-flex wp-block-buttons-is-layout-flex\">\n<div class=\"wp-block-button\"><a class=\"wp-block-button__link wp-element-button\">Consultar por WhatsApp<\/a><\/div>\n<\/div>\n\n\n\n<p><a href=\"https:\/\/wa.me\/TUNUMERO\">https:\/\/wa.me\/TUNUMERO<\/a><\/p>\n\n\n\n<p><\/p>\n","protected":false},"excerpt":{"rendered":"<p>Proceso de trabajo El procedimiento para la obtenci\u00f3n o renovaci\u00f3n de la c\u00e9dula de habitabilidad se desarrolla de forma ordenada [&hellip;]<\/p>\n","protected":false},"author":1,"featured_media":0,"parent":0,"menu_order":0,"comment_status":"closed","ping_status":"closed","template":"","meta":{"site-sidebar-layout":"default","site-content-layout":"","ast-site-content-layout":"default","site-content-style":"default","site-sidebar-style":"default","ast-global-header-display":"","ast-banner-title-visibility":"","ast-main-header-display":"","ast-hfb-above-header-display":"","ast-hfb-below-header-display":"","ast-hfb-mobile-header-display":"","site-post-title":"","ast-breadcrumbs-content":"","ast-featured-img":"","footer-sml-layout":"","ast-disable-related-posts":"","theme-transparent-header-meta":"","adv-header-id-meta":"","stick-header-meta":"","header-above-stick-meta":"","header-main-stick-meta":"","header-below-stick-meta":"","astra-migrate-meta-layouts":"default","ast-page-background-enabled":"default","ast-page-background-meta":{"desktop":{"background-color":"var(--ast-global-color-5)","background-image":"","background-repeat":"repeat","background-position":"center center","background-size":"auto","background-attachment":"scroll","background-type":"","background-media":"","overlay-type":"","overlay-color":"","overlay-opacity":"","overlay-gradient":""},"tablet":{"background-color":"","background-image":"","background-repeat":"repeat","background-position":"center center","background-size":"auto","background-attachment":"scroll","background-type":"","background-media":"","overlay-type":"","overlay-color":"","overlay-opacity":"","overlay-gradient":""},"mobile":{"background-color":"","background-image":"","background-repeat":"repeat","background-position":"center center","background-size":"auto","background-attachment":"scroll","background-type":"","background-media":"","overlay-type":"","overlay-color":"","overlay-opacity":"","overlay-gradient":""}},"ast-content-background-meta":{"desktop":{"background-color":"var(--ast-global-color-4)","background-image":"","background-repeat":"repeat","background-position":"center center","background-size":"auto","background-attachment":"scroll","background-type":"","background-media":"","overlay-type":"","overlay-color":"","overlay-opacity":"","overlay-gradient":""},"tablet":{"background-color":"var(--ast-global-color-4)","background-image":"","background-repeat":"repeat","background-position":"center center","background-size":"auto","background-attachment":"scroll","background-type":"","background-media":"","overlay-type":"","overlay-color":"","overlay-opacity":"","overlay-gradient":""},"mobile":{"background-color":"var(--ast-global-color-4)","background-image":"","background-repeat":"repeat","background-position":"center center","background-size":"auto","background-attachment":"scroll","background-type":"","background-media":"","overlay-type":"","overlay-color":"","overlay-opacity":"","overlay-gradient":""}},"footnotes":""},"class_list":["post-83","page","type-page","status-publish","hentry"],"_links":{"self":[{"href":"https:\/\/mimarquitecturaibiza.es\/index.php?rest_route=\/wp\/v2\/pages\/83","targetHints":{"allow":["GET"]}}],"collection":[{"href":"https:\/\/mimarquitecturaibiza.es\/index.php?rest_route=\/wp\/v2\/pages"}],"about":[{"href":"https:\/\/mimarquitecturaibiza.es\/index.php?rest_route=\/wp\/v2\/types\/page"}],"author":[{"embeddable":true,"href":"https:\/\/mimarquitecturaibiza.es\/index.php?rest_route=\/wp\/v2\/users\/1"}],"replies":[{"embeddable":true,"href":"https:\/\/mimarquitecturaibiza.es\/index.php?rest_route=%2Fwp%2Fv2%2Fcomments&post=83"}],"version-history":[{"count":3,"href":"https:\/\/mimarquitecturaibiza.es\/index.php?rest_route=\/wp\/v2\/pages\/83\/revisions"}],"predecessor-version":[{"id":91,"href":"https:\/\/mimarquitecturaibiza.es\/index.php?rest_route=\/wp\/v2\/pages\/83\/revisions\/91"}],"wp:attachment":[{"href":"https:\/\/mimarquitecturaibiza.es\/index.php?rest_route=%2Fwp%2Fv2%2Fmedia&parent=83"}],"curies":[{"name":"wp","href":"https:\/\/api.w.org\/{rel}","templated":true}]}}