{"id":81,"date":"2025-12-21T19:41:07","date_gmt":"2025-12-21T19:41:07","guid":{"rendered":"https:\/\/mimarquitecturaibiza.es\/?page_id=81"},"modified":"2025-12-21T19:41:07","modified_gmt":"2025-12-21T19:41:07","slug":"servicios","status":"publish","type":"page","link":"https:\/\/mimarquitecturaibiza.es\/?page_id=81","title":{"rendered":"Servicios"},"content":{"rendered":"\n<p>C\u00e9dulas de habitabilidad en Ibiza<\/p>\n\n\n\n<div class=\"wp-block-buttons is-layout-flex wp-block-buttons-is-layout-flex\">\n<div class=\"wp-block-button\"><a class=\"wp-block-button__link wp-element-button\">carencia<\/a><\/div>\n\n\n\n<div class=\"wp-block-button\"><a class=\"wp-block-button__link wp-element-button\">renovaci\u00f3n<\/a><\/div>\n\n\n\n<div class=\"wp-block-button\"><a class=\"wp-block-button__link wp-element-button\">ampliaciones prescritas<\/a><\/div>\n<\/div>\n\n\n\n<p>MiM Arquitectura Ibiza presta servicios t\u00e9cnicos relacionados con la obtenci\u00f3n y renovaci\u00f3n de c\u00e9dulas de habitabilidad en viviendas situadas en la isla de Ibiza.<\/p>\n\n\n\n<p>Los procedimientos se ajustan a la normativa vigente y se tramitan tras un an\u00e1lisis t\u00e9cnico previo del inmueble.<\/p>\n\n\n\n<p>RENOVACION: La renovaci\u00f3n de la c\u00e9dula de habitabilidad es el procedimiento aplicable a viviendas que ya han dispuesto de c\u00e9dula y cuya vigencia de 10 a\u00f1os se encuentra caducada.<\/p>\n\n\n\n<p>La tramitaci\u00f3n requiere la verificaci\u00f3n t\u00e9cnica de que la vivienda mantiene las condiciones de habitabilidad exigidas por el Decreto 145\/1997, de condiciones de habitabilidad en viviendas, y sus modificaciones.<\/p>\n\n\n\n<p>CARENCIA: La c\u00e9dula de habitabilidad por carencia es aplicable a viviendas que no disponen de c\u00e9dula vigente y que fueron finalizadas con anterioridad al 1 de marzo de 1987, siempre que no hayan sido objeto de las actuaciones previstas en el art\u00edculo 8 del Decreto 145\/1997.<\/p>\n\n\n\n<p>VIVIENDAS CON AMPLIACIONES PRESCRITAS: En determinados supuestos, es posible tramitar la c\u00e9dula de habitabilidad \u2014tanto por carencia como por renovaci\u00f3n\u2014 en viviendas que incluyen ampliaciones prescritas urban\u00edsticamente, siempre que se cumplan los requisitos establecidos en la normativa vigente.<\/p>\n","protected":false},"excerpt":{"rendered":"<p>C\u00e9dulas de habitabilidad en Ibiza MiM Arquitectura Ibiza presta servicios t\u00e9cnicos relacionados con la obtenci\u00f3n y renovaci\u00f3n de c\u00e9dulas de [&hellip;]<\/p>\n","protected":false},"author":1,"featured_media":0,"parent":0,"menu_order":0,"comment_status":"closed","ping_status":"closed","template":"","meta":{"site-sidebar-layout":"default","site-content-layout":"","ast-site-content-layout":"default","site-content-style":"default","site-sidebar-style":"default","ast-global-header-display":"","ast-banner-title-visibility":"","ast-main-header-display":"","ast-hfb-above-header-display":"","ast-hfb-below-header-display":"","ast-hfb-mobile-header-display":"","site-post-title":"","ast-breadcrumbs-content":"","ast-featured-img":"","footer-sml-layout":"","ast-disable-related-posts":"","theme-transparent-header-meta":"","adv-header-id-meta":"","stick-header-meta":"","header-above-stick-meta":"","header-main-stick-meta":"","header-below-stick-meta":"","astra-migrate-meta-layouts":"default","ast-page-background-enabled":"default","ast-page-background-meta":{"desktop":{"background-color":"var(--ast-global-color-5)","background-image":"","background-repeat":"repeat","background-position":"center center","background-size":"auto","background-attachment":"scroll","background-type":"","background-media":"","overlay-type":"","overlay-color":"","overlay-opacity":"","overlay-gradient":""},"tablet":{"background-color":"","background-image":"","background-repeat":"repeat","background-position":"center center","background-size":"auto","background-attachment":"scroll","background-type":"","background-media":"","overlay-type":"","overlay-color":"","overlay-opacity":"","overlay-gradient":""},"mobile":{"background-color":"","background-image":"","background-repeat":"repeat","background-position":"center center","background-size":"auto","background-attachment":"scroll","background-type":"","background-media":"","overlay-type":"","overlay-color":"","overlay-opacity":"","overlay-gradient":""}},"ast-content-background-meta":{"desktop":{"background-color":"var(--ast-global-color-4)","background-image":"","background-repeat":"repeat","background-position":"center center","background-size":"auto","background-attachment":"scroll","background-type":"","background-media":"","overlay-type":"","overlay-color":"","overlay-opacity":"","overlay-gradient":""},"tablet":{"background-color":"var(--ast-global-color-4)","background-image":"","background-repeat":"repeat","background-position":"center center","background-size":"auto","background-attachment":"scroll","background-type":"","background-media":"","overlay-type":"","overlay-color":"","overlay-opacity":"","overlay-gradient":""},"mobile":{"background-color":"var(--ast-global-color-4)","background-image":"","background-repeat":"repeat","background-position":"center center","background-size":"auto","background-attachment":"scroll","background-type":"","background-media":"","overlay-type":"","overlay-color":"","overlay-opacity":"","overlay-gradient":""}},"footnotes":""},"class_list":["post-81","page","type-page","status-publish","hentry"],"_links":{"self":[{"href":"https:\/\/mimarquitecturaibiza.es\/index.php?rest_route=\/wp\/v2\/pages\/81","targetHints":{"allow":["GET"]}}],"collection":[{"href":"https:\/\/mimarquitecturaibiza.es\/index.php?rest_route=\/wp\/v2\/pages"}],"about":[{"href":"https:\/\/mimarquitecturaibiza.es\/index.php?rest_route=\/wp\/v2\/types\/page"}],"author":[{"embeddable":true,"href":"https:\/\/mimarquitecturaibiza.es\/index.php?rest_route=\/wp\/v2\/users\/1"}],"replies":[{"embeddable":true,"href":"https:\/\/mimarquitecturaibiza.es\/index.php?rest_route=%2Fwp%2Fv2%2Fcomments&post=81"}],"version-history":[{"count":1,"href":"https:\/\/mimarquitecturaibiza.es\/index.php?rest_route=\/wp\/v2\/pages\/81\/revisions"}],"predecessor-version":[{"id":82,"href":"https:\/\/mimarquitecturaibiza.es\/index.php?rest_route=\/wp\/v2\/pages\/81\/revisions\/82"}],"wp:attachment":[{"href":"https:\/\/mimarquitecturaibiza.es\/index.php?rest_route=%2Fwp%2Fv2%2Fmedia&parent=81"}],"curies":[{"name":"wp","href":"https:\/\/api.w.org\/{rel}","templated":true}]}}