{"id":25,"date":"2025-12-21T17:22:55","date_gmt":"2025-12-21T17:22:55","guid":{"rendered":"https:\/\/mimarquitecturaibiza.es\/?page_id=25"},"modified":"2025-12-21T19:31:12","modified_gmt":"2025-12-21T19:31:12","slug":"inicio","status":"publish","type":"page","link":"https:\/\/mimarquitecturaibiza.es\/","title":{"rendered":"Inicio"},"content":{"rendered":"\n<div class=\"wp-block-group alignwide is-layout-constrained wp-block-group-is-layout-constrained\">\n<h5 class=\"wp-block-heading\">Gesti\u00f3n integral de documentaci\u00f3n necesaria para vender o alquilar tu vivienda<\/h5>\n\n\n\n<p>Arquitecta especializada en la tramitaci\u00f3n de la documentaci\u00f3n necesaria para vender o alquilar tu vivienda en Ibiza.<\/p>\n\n\n\n<ul class=\"wp-block-list\">\n<li>C\u00e9dula de habitabilidad<\/li>\n\n\n\n<li>Certificado energ\u00e9tico<\/li>\n\n\n\n<li>Declaraci\u00f3n de obra nueva o antigua<\/li>\n\n\n\n<li>Gml vivienda y parcela<\/li>\n\n\n\n<li>Asesoramiento integral en la solicitud de tasaciones para garant\u00eda hipotecaria<\/li>\n<\/ul>\n\n\n\n<p>Se realiza la inspecci\u00f3n t\u00e9cnica del inmueble, verifico el cumplimiento de las condiciones de habitabilidad establecidas en la normativa vigente y gestiono el procedimiento administrativo correspondiente ante los organismos competentes.<\/p>\n<\/div>\n\n\n\n<div class=\"wp-block-buttons is-layout-flex wp-block-buttons-is-layout-flex\">\n<div class=\"wp-block-button\"><a class=\"wp-block-button__link wp-element-button\">Consultar por WhatsApp<\/a><\/div>\n<\/div>\n\n\n\n<p><\/p>\n","protected":false},"excerpt":{"rendered":"<p>Gesti\u00f3n integral de documentaci\u00f3n necesaria para vender o alquilar tu vivienda Arquitecta especializada en la tramitaci\u00f3n de la documentaci\u00f3n necesaria [&hellip;]<\/p>\n","protected":false},"author":1,"featured_media":0,"parent":0,"menu_order":0,"comment_status":"closed","ping_status":"closed","template":"","meta":{"site-sidebar-layout":"no-sidebar","site-content-layout":"plain-container","ast-site-content-layout":"default","site-content-style":"default","site-sidebar-style":"default","ast-global-header-display":"","ast-banner-title-visibility":"","ast-main-header-display":"","ast-hfb-above-header-display":"","ast-hfb-below-header-display":"","ast-hfb-mobile-header-display":"","site-post-title":"disabled","ast-breadcrumbs-content":"","ast-featured-img":"","footer-sml-layout":"","ast-disable-related-posts":"","theme-transparent-header-meta":"enabled","adv-header-id-meta":"","stick-header-meta":"","header-above-stick-meta":"","header-main-stick-meta":"","header-below-stick-meta":"","astra-migrate-meta-layouts":"default","ast-page-background-enabled":"default","ast-page-background-meta":{"desktop":{"background-color":"var(--ast-global-color-5)","background-image":"","background-repeat":"repeat","background-position":"center center","background-size":"auto","background-attachment":"scroll","background-type":"","background-media":"","overlay-type":"","overlay-color":"","overlay-opacity":"","overlay-gradient":""},"tablet":{"background-color":"","background-image":"","background-repeat":"repeat","background-position":"center center","background-size":"auto","background-attachment":"scroll","background-type":"","background-media":"","overlay-type":"","overlay-color":"","overlay-opacity":"","overlay-gradient":""},"mobile":{"background-color":"","background-image":"","background-repeat":"repeat","background-position":"center center","background-size":"auto","background-attachment":"scroll","background-type":"","background-media":"","overlay-type":"","overlay-color":"","overlay-opacity":"","overlay-gradient":""}},"ast-content-background-meta":{"desktop":{"background-color":"var(--ast-global-color-4)","background-image":"","background-repeat":"repeat","background-position":"center center","background-size":"auto","background-attachment":"scroll","background-type":"","background-media":"","overlay-type":"","overlay-color":"","overlay-opacity":"","overlay-gradient":""},"tablet":{"background-color":"var(--ast-global-color-4)","background-image":"","background-repeat":"repeat","background-position":"center center","background-size":"auto","background-attachment":"scroll","background-type":"","background-media":"","overlay-type":"","overlay-color":"","overlay-opacity":"","overlay-gradient":""},"mobile":{"background-color":"var(--ast-global-color-4)","background-image":"","background-repeat":"repeat","background-position":"center center","background-size":"auto","background-attachment":"scroll","background-type":"","background-media":"","overlay-type":"","overlay-color":"","overlay-opacity":"","overlay-gradient":""}},"footnotes":""},"class_list":["post-25","page","type-page","status-publish","hentry"],"_links":{"self":[{"href":"https:\/\/mimarquitecturaibiza.es\/index.php?rest_route=\/wp\/v2\/pages\/25","targetHints":{"allow":["GET"]}}],"collection":[{"href":"https:\/\/mimarquitecturaibiza.es\/index.php?rest_route=\/wp\/v2\/pages"}],"about":[{"href":"https:\/\/mimarquitecturaibiza.es\/index.php?rest_route=\/wp\/v2\/types\/page"}],"author":[{"embeddable":true,"href":"https:\/\/mimarquitecturaibiza.es\/index.php?rest_route=\/wp\/v2\/users\/1"}],"replies":[{"embeddable":true,"href":"https:\/\/mimarquitecturaibiza.es\/index.php?rest_route=%2Fwp%2Fv2%2Fcomments&post=25"}],"version-history":[{"count":8,"href":"https:\/\/mimarquitecturaibiza.es\/index.php?rest_route=\/wp\/v2\/pages\/25\/revisions"}],"predecessor-version":[{"id":80,"href":"https:\/\/mimarquitecturaibiza.es\/index.php?rest_route=\/wp\/v2\/pages\/25\/revisions\/80"}],"wp:attachment":[{"href":"https:\/\/mimarquitecturaibiza.es\/index.php?rest_route=%2Fwp%2Fv2%2Fmedia&parent=25"}],"curies":[{"name":"wp","href":"https:\/\/api.w.org\/{rel}","templated":true}]}}